{"id":229,"date":"2013-01-04T11:06:06","date_gmt":"2013-01-04T11:06:06","guid":{"rendered":"http:\/\/www.bim-me-up.com\/?page_id=229"},"modified":"2013-01-04T11:06:06","modified_gmt":"2013-01-04T11:06:06","slug":"glossary","status":"publish","type":"page","link":"https:\/\/bim-me-up.com\/en\/glossary\/","title":{"rendered":"Glossary"},"content":{"rendered":"<p>Im Bereich der digitalen Planung werden h\u00e4ufig Abk\u00fcrzungen verwendet, die gro\u00dfteils aus dem Englischen stammen und daher nicht unbedingt jedem gel\u00e4ufig sind. Auf dieser Seite befindet sich eine Auflistung mit den gel\u00e4ufigsten Abk\u00fcrzungen:<\/p>\n<p>&nbsp;<\/p>\n<table align=\"left\">\n<tbody>\n<tr>\n<td><b>ADT<\/b><\/td>\n<td>Architectural Desktop, Architekturspezifische CAD-Software von Autodesk auf der Basis von AutoCAD<\/td>\n<\/tr>\n<tr>\n<td><b>AEC<\/b><\/td>\n<td>Architecture, Engineering and Construction<\/td>\n<\/tr>\n<tr>\n<td><b>API<\/b><\/td>\n<td>Application Programming Interface (Programmierschnittstelle)<\/td>\n<\/tr>\n<tr>\n<td><b>BIM<\/b><\/td>\n<td>Building Information Modelling<\/td>\n<\/tr>\n<tr>\n<td><b>CAD<\/b><\/td>\n<td>Computer Aided Design &#8211; Computergest\u00fctztes Zeichnen, Entwerfen &amp; Konstruieren<\/td>\n<\/tr>\n<tr>\n<td><b>CAFM<\/b><\/td>\n<td>Computer Aided Facility Management &#8211; Computergest\u00fctztes Verwaltung und Bewirtschaftung von Geb\u00e4uden<\/td>\n<\/tr>\n<tr>\n<td><b>CAM<\/b><\/td>\n<td>Computer Aided Manufacturing &#8211; Computergest\u00fctztes Produzieren durch direkte Steuerung von Produktionsanlagen, Maschinen, Transport- und Lagersystemen auf Basis von CAD-Daten<\/td>\n<\/tr>\n<tr>\n<td><b>CRM<\/b><\/td>\n<td>Customer Relationship Management &#8211; Kundendatenmanagement<\/td>\n<\/tr>\n<tr>\n<td><b>DB<\/b><\/td>\n<td>DataBase &#8211; \u00a0Datenbank<\/td>\n<\/tr>\n<tr>\n<td><b>DWF<\/b><\/td>\n<td>Drawing Web Format [von Autodesk] &#8211; Daten\u00fcbergabeformat von Autodesk<\/td>\n<\/tr>\n<tr>\n<td><b>EDM<\/b><\/td>\n<td>Electronic Data\/Document Management = Elektronisches Daten-\/Dokumentenmanagement<\/td>\n<\/tr>\n<tr>\n<td><b>IAI<\/b><\/td>\n<td>International Alliance for Interoperability<\/td>\n<\/tr>\n<tr>\n<td><b>IFC<\/b><\/td>\n<td>Industry Foundation Classes &#8211; objektorientiertes, herstellerunabh\u00e4ngiges Datenaustauschformat<\/td>\n<\/tr>\n<tr>\n<td><b>GIS<\/b><\/td>\n<td>Geographical Information Systems<\/td>\n<\/tr>\n<tr>\n<td><b>HVAC<\/b><\/td>\n<td>Heating, Ventilation, Airconditioning and Cooling<\/td>\n<\/tr>\n<tr>\n<td><b>MEP<\/b><\/td>\n<td>Mechanical, Electrical and Plumbing &#8211; Haustechnik<\/td>\n<\/tr>\n<tr>\n<td><b>PDM<\/b><\/td>\n<td>Product Data Management = Produktdatenmanagement<\/td>\n<\/tr>\n<tr>\n<td><b>PLM<\/b><\/td>\n<td>Product Lifecycle Management = Produktlebenszyklusmanagement<\/td>\n<\/tr>\n<tr>\n<td><b>PFI<\/b><\/td>\n<td>Private Finance Initiative = Privat finanzierte Initiative, oftmals im Infrastrukturbau<\/td>\n<\/tr>\n<tr>\n<td><b>PPS<\/b><\/td>\n<td>Produktionsplanungs und Steuerung<\/td>\n<\/tr>\n<tr>\n<td><b>PPP<\/b><\/td>\n<td>Public Private Partnership<\/td>\n<\/tr>\n<tr>\n<td><b>QTO<\/b><\/td>\n<td>Quantity Take-Off = Massenermittlung, auch der Name des entsprechenden Autodesk Programms<\/td>\n<\/tr>\n<tr>\n<td><b>RFID<\/b><\/td>\n<td>Radio Frequency Identification<\/td>\n<\/tr>\n<tr>\n<td><b>SaaS<\/b><\/td>\n<td>Software as a Service, cloudbasierte Software f\u00fcr deren Nutzung nur eine Internetanbindung und ein Browser notwendig sind<\/td>\n<\/tr>\n<tr>\n<td><b>SCM<\/b><\/td>\n<td>Supply Chain Management<\/td>\n<\/tr>\n<tr>\n<td><b>SE<\/b><\/td>\n<td>Simultaneous Engineering<\/td>\n<\/tr>\n<tr>\n<td><b>VDC<\/b><\/td>\n<td>Virtual Design and Construction<\/td>\n<\/tr>\n<tr>\n<td><b>XML<\/b><\/td>\n<td>eXtensible Markup Language, ein universelles Austauschformat f\u00fcr Daten aller Art<\/td>\n<\/tr>\n<\/tbody>\n<\/table>\n","protected":false},"excerpt":{"rendered":"Abbreviations are often used in the field of digital planning, most of which originate from English and are therefore not...","protected":false},"author":1,"featured_media":0,"parent":0,"menu_order":0,"comment_status":"open","ping_status":"open","template":"","meta":{"jetpack_post_was_ever_published":false,"footnotes":""},"class_list":{"0":"post-229","1":"page","2":"type-page","3":"status-publish","5":"cs-entry","6":"cs-video-wrap"},"jetpack_shortlink":"https:\/\/wp.me\/P2lEa7-3H","jetpack_sharing_enabled":true,"_links":{"self":[{"href":"https:\/\/bim-me-up.com\/en\/wp-json\/wp\/v2\/pages\/229","targetHints":{"allow":["GET"]}}],"collection":[{"href":"https:\/\/bim-me-up.com\/en\/wp-json\/wp\/v2\/pages"}],"about":[{"href":"https:\/\/bim-me-up.com\/en\/wp-json\/wp\/v2\/types\/page"}],"author":[{"embeddable":true,"href":"https:\/\/bim-me-up.com\/en\/wp-json\/wp\/v2\/users\/1"}],"replies":[{"embeddable":true,"href":"https:\/\/bim-me-up.com\/en\/wp-json\/wp\/v2\/comments?post=229"}],"version-history":[{"count":0,"href":"https:\/\/bim-me-up.com\/en\/wp-json\/wp\/v2\/pages\/229\/revisions"}],"wp:attachment":[{"href":"https:\/\/bim-me-up.com\/en\/wp-json\/wp\/v2\/media?parent=229"}],"curies":[{"name":"wp","href":"https:\/\/api.w.org\/{rel}","templated":true}]}}